{"id":33,"date":"2017-04-18T13:16:57","date_gmt":"2017-04-18T13:16:57","guid":{"rendered":"http:\/\/fliesen-erich-simon.de\/?page_id=33"},"modified":"2024-08-20T19:22:07","modified_gmt":"2024-08-20T19:22:07","slug":"impressum","status":"publish","type":"page","link":"http:\/\/fliesen-erich-simon.de\/?page_id=33","title":{"rendered":"Impressum"},"content":{"rendered":"<div id=\"pl-33\"  class=\"panel-layout\" ><div id=\"pg-33-0\"  class=\"panel-grid panel-has-style\" ><div class=\"siteorigin-panels-stretch panel-row-style panel-row-style-for-33-0\" data-stretch-type=\"full\" ><div id=\"pgc-33-0-0\"  class=\"panel-grid-cell\" ><div id=\"panel-33-0-0-0\" class=\"so-panel widget widget_sow-editor panel-first-child panel-last-child\" data-index=\"0\" ><div\n\t\t\t\n\t\t\tclass=\"so-widget-sow-editor so-widget-sow-editor-base\"\n\t\t\t\n\t\t>\n<div class=\"siteorigin-widget-tinymce textwidget\">\n\t<p>Betreiber der Webseite <a href=\"http:\/\/www.fliesen-erich-simon.de\">www.fliesen-erich-simon.de <\/a>der Erich Simon GmbH ist:<\/p>\n<p><strong>Erich Simon GmbH<br \/>\n<\/strong>Kath.-Kirch-Stra\u00dfe 17 \u2013 19<br \/>\n66111 Saarbr\u00fccken<\/p>\n<p>Telefon: 0681 319 77<br \/>\nFax: 0681 329 18<\/p>\n<p>E-Mail: <a href=\"mailto:info@fliesen-erich-simon.de\">info@fliesen-erich-simon.de<\/a><br \/>\nInternet: <a href=\"http:\/\/www.fliesen-erich-simon.de\">www.fliesen-erich-simon.de\u00a0<\/a><\/p>\n<p><strong>Zust\u00e4ndige Kammer<br \/>\n<\/strong>Handwerkskammer des Saarlandes<br \/>\nHohenzollernstra\u00dfe 47-49<br \/>\n66117 Saarbr\u00fccken<\/p>\n<p><strong>Vertretungsberechtigter Gesch\u00e4ftsf\u00fchrer<\/strong><br \/>\nRudolf Simon, Erika Simon<\/p>\n<p><strong>Handelsregister<\/strong><br \/>\nRegistergericht: Amtsgericht Saarbr\u00fccken<br \/>\nRegisternummer: HRB 9545<\/p>\n<p><strong>Umsatzsteuer-Identifikationsnummer<\/strong><br \/>\nDE 138115917<\/p>\n<p><strong>Inhaltlich verantwortlich<br \/>\n<\/strong>Deborah Simon<br \/>\nKath.-Kirch-Stra\u00dfe 17-19<br \/>\n66111 Saarbr\u00fccken<\/p>\n<p><strong>Urheberrechte<br \/>\n<\/strong>Die Inhalte von fliesen-erich-simon.de sind urheberrechtlich gesch\u00fctzt.<\/p>\n<p>Verwendete Fotografien und Grafiken sind ggf. mit Bildnachweisen gekennzeichnet oder unten aufgef\u00fchrt, soweit sie nicht selbst angefertigt wurden.<\/p>\n<p><b>Bildnachweise<br \/>\n<\/b>Erich Simon GmbH, Deborah Simon, Saarbr\u00fccken<\/p>\n<\/div>\n<\/div><\/div><\/div><\/div><\/div><\/div>","protected":false},"excerpt":{"rendered":"<p>Betreiber der Webseite www.fliesen-erich-simon.de der Erich Simon GmbH ist: Erich Simon GmbH Kath.-Kirch-Stra\u00dfe 17 \u2013 19 66111 Saarbr\u00fccken Telefon: 0681 319 77 Fax: 0681 329 18 E-Mail: info@fliesen-erich-simon.de Internet: www.fliesen-erich-simon.de\u00a0 Zust\u00e4ndige Kammer Handwerkskammer des Saarlandes Hohenzollernstra\u00dfe 47-49 66117 Saarbr\u00fccken Vertretungsberechtigter Gesch\u00e4ftsf\u00fchrer Rudolf Simon, Erika Simon Handelsregister Registergericht: Amtsgericht Saarbr\u00fccken Registernummer: HRB 9545 Umsatzsteuer-Identifikationsnummer DE 138115917 <a href=\"http:\/\/fliesen-erich-simon.de\/?page_id=33\" rel=\"nofollow\"><span class=\"sr-only\">Read more about Impressum<\/span>[&#8230;]<\/a><\/p>\n","protected":false},"author":1,"featured_media":0,"parent":0,"menu_order":0,"comment_status":"closed","ping_status":"closed","template":"template-fullwidth.php","meta":{"footnotes":""},"class_list":["post-33","page","type-page","status-publish","hentry"],"_links":{"self":[{"href":"http:\/\/fliesen-erich-simon.de\/index.php?rest_route=\/wp\/v2\/pages\/33","targetHints":{"allow":["GET"]}}],"collection":[{"href":"http:\/\/fliesen-erich-simon.de\/index.php?rest_route=\/wp\/v2\/pages"}],"about":[{"href":"http:\/\/fliesen-erich-simon.de\/index.php?rest_route=\/wp\/v2\/types\/page"}],"author":[{"embeddable":true,"href":"http:\/\/fliesen-erich-simon.de\/index.php?rest_route=\/wp\/v2\/users\/1"}],"replies":[{"embeddable":true,"href":"http:\/\/fliesen-erich-simon.de\/index.php?rest_route=%2Fwp%2Fv2%2Fcomments&post=33"}],"version-history":[{"count":12,"href":"http:\/\/fliesen-erich-simon.de\/index.php?rest_route=\/wp\/v2\/pages\/33\/revisions"}],"predecessor-version":[{"id":168,"href":"http:\/\/fliesen-erich-simon.de\/index.php?rest_route=\/wp\/v2\/pages\/33\/revisions\/168"}],"wp:attachment":[{"href":"http:\/\/fliesen-erich-simon.de\/index.php?rest_route=%2Fwp%2Fv2%2Fmedia&parent=33"}],"curies":[{"name":"wp","href":"https:\/\/api.w.org\/{rel}","templated":true}]}}