{"id":117,"date":"2017-04-19T08:22:42","date_gmt":"2017-04-19T08:22:42","guid":{"rendered":"http:\/\/fliesen-erich-simon.de\/?page_id=117"},"modified":"2024-08-20T19:26:17","modified_gmt":"2024-08-20T19:26:17","slug":"datenschutz","status":"publish","type":"page","link":"http:\/\/fliesen-erich-simon.de\/?page_id=117","title":{"rendered":"Datenschutz"},"content":{"rendered":"<div id=\"pl-117\"  class=\"panel-layout\" ><div id=\"pg-117-0\"  class=\"panel-grid panel-no-style\" ><div id=\"pgc-117-0-0\"  class=\"panel-grid-cell\" ><div id=\"panel-117-0-0-0\" class=\"so-panel widget widget_sow-editor panel-first-child panel-last-child\" data-index=\"0\" ><div\n\t\t\t\n\t\t\tclass=\"so-widget-sow-editor so-widget-sow-editor-base\"\n\t\t\t\n\t\t>\n<div class=\"siteorigin-widget-tinymce textwidget\">\n\t<p>Wir, die Erich Simon GmbH, freuen uns \u00fcber Ihren Besuch auf unserer Internetseite und Ihrem Interesse an unserem Unternehmen. Der Schutz Ihrer personenbezogenen Daten ist uns ein wichtiges Anliegen. Personenbezogene Daten sind Einzelangaben \u00fcber pers\u00f6nliche oder sachliche Verh\u00e4ltnisse einer bestimmten oder bestimmbaren nat\u00fcrlichen Person. Darunter fallen Informationen wie der b\u00fcrgerliche Name, die Anschrift, die Telefonnummer und das Geburtsdatum.<\/p>\n<p>Da diese Daten besonderen Schutz genie\u00dfen, werden sie bei uns nur im technisch erforderlichen Umfang erhoben. Nachfolgend werden wir Ihnen entsprechend unserer Pflicht erl\u00e4utern, welche Informationen wir w\u00e4hrend Ihres Besuches auf unserer Internetseite erfassen und wie diese genutzt werden.<\/p>\n<p>Unsere Datenschutzpraxis steht im Einklang mit den Regelungen des Bundesdatenschutzgesetzes (BDSG) und des Telemediengesetzes (TMG). Wir werden Ihre personenbezogenen Daten ausschlie\u00dflich zur Bearbeitung von Anfragen und ggf. zur Abwicklung von Bestellungen\/Vertr\u00e4gen erheben, verarbeiten und speichern. Nur wenn Sie zuvor Ihre Einwilligung gesondert erteilt haben, erfolgt eine Nutzung Ihrer Daten auch f\u00fcr weitergehende, in der Einwilligung genau bestimmte Zwecke, z.B. die Nutzung des Kontaktformulars, etc..<\/p>\n<ol>\n<li><strong> Verantwortliche Stelle i.S.d. <\/strong><a href=\"https:\/\/dejure.org\/gesetze\/TMG\/13.html\" target=\"_blank\" rel=\"noopener\"><strong>\u00a7 13 Abs. 1 TMG<\/strong><\/a><a href=\"https:\/\/dejure.org\/gesetze\/BDSG\/3.html\" target=\"_blank\" rel=\"noopener\"><strong>\/\u00a7 3 Abs. 7 BDSG<\/strong><\/a><\/li>\n<\/ol>\n<p>Verantwortliche Stelle im Sinne des Datenschutzrechts ist:<br \/>\nErich Simon GmbH<br \/>\nKath.-Kirch-Stra\u00dfe 17<br \/>\n66111 Saarbr\u00fccken<\/p>\n<p>Telefon: 0681 319 77\/78<br \/>\nFax: 0681 329 18<\/p>\n<p>E-Mail:<a href=\"mailto:info@fliesen-erich-simon.de\"> info@fliesen-erich-simon.de<\/a><a href=\"http:\/\/www.fliesen-erich-simon.de\" target=\"_blank\" rel=\"noopener\"><br \/>\nwww.fliesen-erich-simon.de<\/a><\/p>\n<ol start=\"2\">\n<li><strong> Anonyme\/Pseudonymisierte Nutzung der Internetseite<\/strong><\/li>\n<\/ol>\n<p>Sie k\u00f6nnen unsere Internetseite grunds\u00e4tzlich ohne Angabe von personenbezogenen Daten besuchen. Pseudonymisierte Nutzungsdaten werden nicht mit den Daten des Tr\u00e4gers des Pseudonyms zusammengef\u00fchrt. Eine Erstellung von pseudonymen Nutzungsprofilen findet nicht statt.<\/p>\n<ol start=\"3\">\n<li><strong> Besondere Funktionen der Internetseite<\/strong><\/li>\n<\/ol>\n<p>Unsere Seite bietet Ihnen verschiedene Funktionen, bei deren Nutzung von uns personenbezogene Daten erhoben, verarbeitet und gespeichert werden. Nachfolgend erkl\u00e4ren wir, was mit diesen Daten geschieht:<\/p>\n<p><strong>Anfrage \u00fcber das Kontaktformular<br \/>\n<\/strong>Die \u00fcber unser Kontaktformular aufgenommenen Daten werden wir nur f\u00fcr die Bearbeitung von Anfragen, die durch das Formular eingehen, verwenden. Nach Bearbeitung der Anfrage werden die erhobenen Daten innerhalb von sechs Monaten gel\u00f6scht<strong>.<br \/>\n<\/strong><\/p>\n<ol start=\"4\">\n<li><strong> Datenweitergabe\/Zweckbindung<\/strong><\/li>\n<\/ol>\n<p>Wir geben personenbezogene Daten nicht an Dritte weiter.<br \/>\nWenn Sie uns pers\u00f6nliche Daten im Rahmen einer Einwilligung zur Verf\u00fcgung stellen, werden diese Daten nur f\u00fcr den Zweck genutzt, der der Einwilligung zu Grunde liegt und dem Sie vorab zugestimmt haben. Wir werden Ihre personenbezogenen Daten nur so lange speichern, wie dies f\u00fcr den vorgesehenen Zweck der Datenerhebung notwendig oder gesetzlich vorgeschrieben ist.<br \/>\nIhre schutzw\u00fcrdigen Belange werden gem\u00e4\u00df den gesetzlichen Bestimmungen ber\u00fccksichtigt. Sie k\u00f6nnen bei der verantwortlichen Stelle eine Auskunft \u00fcber die Sie betreffenden gespeicherten Daten erhalten<strong>.<\/strong><\/p>\n<ol start=\"5\">\n<li><strong> Externe Inhalte und\/oder Verarbeitung von Daten au\u00dferhalb der EU<\/strong><\/li>\n<\/ol>\n<p>Auf unserer Internetseite verwenden wir aktive Java-Script-Inhalte von externen Anbietern. Durch Aufruf unserer Internetseite erhalten diese externen Anbieter ggf. personenbezogene Informationen \u00fcber Ihren Besuch auf unserer Internetseite. Hierbei ist eine Verarbeitung von Daten au\u00dferhalb der EU m\u00f6glich. Sie k\u00f6nnen dies verhindern, indem Sie einen Java-Script-Blocker wie z.B. das Browser-Plugin 'NoScript' installieren (<a href=\"http:\/\/www.noscript.net\" target=\"_blank\" rel=\"noopener\">www.noscript.net<\/a>) oder Java-Script in Ihrem Browser deaktivieren. Hierdurch kann es zu Funktionseinschr\u00e4nkungen auf Internetseiten kommen, die Sie besuchen.<\/p>\n<p><strong>Google<\/strong><\/p>\n<p>Auf unsere Seite wird Java-Script Code des Unternehmens Google Inc., 1600 Amphitheatre Parkway, Mountain View, CA 94043 (nachfolgend: Google) nachgeladen.\u00a0 Wenn Sie in Ihrem Browser Java-Script aktiviert und keinen Java-Script-Blocker installiert haben, wird Ihr Browser ggf. personenbezogene Daten an Google \u00fcbermitteln. Uns ist nicht bekannt, welche Daten Google mit den erhaltenen Daten verkn\u00fcpft und zu welchen Zwecken Google diese Daten verwendet. Um die Ausf\u00fchrung von Java-Script Code von Google insgesamt zu verhindern, k\u00f6nnen Sie einen Java-Script-Blocker installieren (z.B. <a href=\"http:\/\/www.noscript.net\" target=\"_blank\" rel=\"noopener\">www.noscript.net<\/a>).<\/p>\n<ol start=\"6\">\n<li><strong> Unterrichtung \u00fcber die Nutzung von Cookies<\/strong><\/li>\n<\/ol>\n<p>Auf verschiedenen Seiten verwenden wir Cookies, um den Besuch unserer Website attraktiv zu gestalten und die Nutzung bestimmter Funktionen zu erm\u00f6glichen. Bei den sog. 'Cookies' handelt es sich um kleine Textdateien, die Ihr Browser auf Ihrem Rechner ablegen kann. Der Vorgang des Ablegens einer Cookie-Datei wird auch 'ein Cookie setzen' genannt. Sie k\u00f6nnen Ihren Browser selbst nach Ihren W\u00fcnschen so einstellen, dass Sie \u00fcber das Setzen von Cookies informiert werden, von Fall zu Fall \u00fcber die Annahme entscheiden oder die Annahme von Cookies grunds\u00e4tzlich akzeptieren oder grunds\u00e4tzlich ausschlie\u00dfen. Cookies k\u00f6nnen zu unterschiedlichen Zwecken eingesetzt werden, z.B. um zu erkennen, dass Ihr PC schon einmal eine Verbindung zu einem Webangebot hatte (dauerhafte Cookies) oder um zuletzt angesehene Angebote zu speichern (Sitzungs-Cookies). Wir setzen Cookies ein, um Ihnen einen gesteigerten Benutzerkomfort zu bieten. Um unsere Komfortfunktionen zu nutzen, empfehlen wir Ihnen, die Annahme von Cookies f\u00fcr unser Webangebot zu erlauben.<\/p>\n<ol start=\"7\">\n<li><strong> Datensicherheit und Datenschutz, Kommunikation per E-Mail<\/strong><\/li>\n<\/ol>\n<p>Ihre personenbezogenen Daten werden durch Ergreifung aller technischen und organisatorischen M\u00f6glichkeiten so gespeichert, dass sie f\u00fcr Dritte nicht zug\u00e4nglich sind. Bei der Kommunikation per E-Mail kann die vollst\u00e4ndige Datensicherheit von uns nicht gew\u00e4hrleistet werden, sodass wir Ihnen bei Informationen mit hohem Geheimhaltungsbed\u00fcrfnis den Postweg empfehlen.<\/p>\n<ol start=\"8\">\n<li><strong> Widerruf von Einwilligungen - Datenausk\u00fcnfte und \u00c4nderungsw\u00fcnsche \u2013 L\u00f6schung &amp; Sperrung von Daten<\/strong><\/li>\n<\/ol>\n<p>Nach dem Bundesdatenschutzgesetz haben Sie ein Recht auf unentgeltliche Auskunft \u00fcber Ihre gespeicherten Daten sowie ggf. ein Recht auf Berichtigung, Sperrung oder L\u00f6schung dieser Daten. Ihre Daten werden dann gel\u00f6scht, falls dem nicht gesetzliche Regelungen entgegenstehen. Sie k\u00f6nnen eine uns erteilte Erlaubnis, Ihre pers\u00f6nlichen Daten zu nutzen, jederzeit widerrufen. Auskunfts-, L\u00f6schungs- und Berichtigungsw\u00fcnsche zu Ihren Daten und gerne auch Anregungen k\u00f6nnen Sie jederzeit an folgende Adresse senden:<\/p>\n<p>Erich Simon GmbH<br \/>\nKath.-Kirch-Stra\u00dfe 17<br \/>\n66111 Saarbr\u00fccken<\/p>\n<p>Telefon: 0681 319 77\/78<br \/>\nFax: 0681 329 18<\/p>\n<p>E-Mail: <a href=\"mailto:info@fliesen-erich-simon.de\">info@fliesen-erich-simon.de<\/a><br \/>\n<a href=\"http:\/\/www.fliesen-erich-simon.de\" target=\"_blank\" rel=\"noopener\">www.fliesen-erich-simon.de<\/a><\/p>\n<\/div>\n<\/div><\/div><\/div><\/div><\/div>","protected":false},"excerpt":{"rendered":"<p>Wir, die Erich Simon GmbH, freuen uns \u00fcber Ihren Besuch auf unserer Internetseite und Ihrem Interesse an unserem Unternehmen. Der Schutz Ihrer personenbezogenen Daten ist uns ein wichtiges Anliegen. Personenbezogene Daten sind Einzelangaben \u00fcber pers\u00f6nliche oder sachliche Verh\u00e4ltnisse einer bestimmten oder bestimmbaren nat\u00fcrlichen Person. Darunter fallen Informationen wie der b\u00fcrgerliche Name, die Anschrift, die Telefonnummer <a href=\"http:\/\/fliesen-erich-simon.de\/?page_id=117\" rel=\"nofollow\"><span class=\"sr-only\">Read more about Datenschutz<\/span>[&#8230;]<\/a><\/p>\n","protected":false},"author":1,"featured_media":0,"parent":0,"menu_order":0,"comment_status":"closed","ping_status":"closed","template":"template-fullwidth.php","meta":{"footnotes":""},"class_list":["post-117","page","type-page","status-publish","hentry"],"_links":{"self":[{"href":"http:\/\/fliesen-erich-simon.de\/index.php?rest_route=\/wp\/v2\/pages\/117","targetHints":{"allow":["GET"]}}],"collection":[{"href":"http:\/\/fliesen-erich-simon.de\/index.php?rest_route=\/wp\/v2\/pages"}],"about":[{"href":"http:\/\/fliesen-erich-simon.de\/index.php?rest_route=\/wp\/v2\/types\/page"}],"author":[{"embeddable":true,"href":"http:\/\/fliesen-erich-simon.de\/index.php?rest_route=\/wp\/v2\/users\/1"}],"replies":[{"embeddable":true,"href":"http:\/\/fliesen-erich-simon.de\/index.php?rest_route=%2Fwp%2Fv2%2Fcomments&post=117"}],"version-history":[{"count":6,"href":"http:\/\/fliesen-erich-simon.de\/index.php?rest_route=\/wp\/v2\/pages\/117\/revisions"}],"predecessor-version":[{"id":169,"href":"http:\/\/fliesen-erich-simon.de\/index.php?rest_route=\/wp\/v2\/pages\/117\/revisions\/169"}],"wp:attachment":[{"href":"http:\/\/fliesen-erich-simon.de\/index.php?rest_route=%2Fwp%2Fv2%2Fmedia&parent=117"}],"curies":[{"name":"wp","href":"https:\/\/api.w.org\/{rel}","templated":true}]}}